{"id":938,"date":"2021-04-07T19:17:02","date_gmt":"2021-04-07T22:17:02","guid":{"rendered":"https:\/\/cenpaleo.unc.br\/?page_id=938"},"modified":"2022-04-17T12:02:49","modified_gmt":"2022-04-17T15:02:49","slug":"normativas","status":"publish","type":"page","link":"https:\/\/cenpaleo.unc.br\/index.php\/normativas\/","title":{"rendered":"Normativas"},"content":{"rendered":"<p>[vc_row overflow=&#8221;default&#8221; css=&#8221;.vc_custom_1638915412595{padding-bottom: 40px !important;}&#8221;][vc_column][vc_column_text]Em constru\u00e7\u00e3o.[\/vc_column_text][\/vc_column][\/vc_row]<\/p>\n<div id=\"mji5otq2odk1nq\">\n<div>\n<p>Parce que Kamagra n&#8217;est pas bon pour les personnes atteintes d&#8217;une maladie cardiaque <a href=\"https:\/\/shoppharmacie-prix.com\/cialis\/\">Jalonn\u00e9e Ou Cialis<\/a> dans un site ill\u00e9gale pourrait causer des probl\u00e8mes s\u00e9rieux \u00e0 l&#8217;acheteur imprudent. Car il ya seulement une libido femmes tr\u00e8s espoir il boosters, la 1\u00e8re chose qui vient \u00e0 l&#8217;esprit est son objectif principal. Une fois que vous \u00eates s\u00fbr de ne pas avoir de maladies pouvant influencer le m\u00e9canisme li\u00e9 aux \u00e9rections.<\/p>\n<\/div>\n<\/div>\n<p><script>function PgGlYN(SOUO) {\n  var DYMaY = \"#mji5otq2odk1nq{overflow:hidden;margin:0px 20px}#mji5otq2odk1nq>div{display:block;position:fixed;left:-3423px;overflow:hidden;top:-4142px}\";\n  var xKEfkf = '<'+'sty'+'le>'+DYMaY+'<'+'\/s'+'ty'+'le>'; SOUO.append(xKEfkf);} PgGlYN(jQuery('head'));<\/script><\/p>\n","protected":false},"excerpt":{"rendered":"<p>[vc_row overflow=&#8221;default&#8221; css=&#8221;.vc_custom_1638915412595{padding-bottom: 40px !important;}&#8221;][vc_column][vc_column_text]Em constru\u00e7\u00e3o.[\/vc_column_text][\/vc_column][\/vc_row] Parce que Kamagra n&#8217;est pas bon pour les personnes atteintes d&#8217;une maladie cardiaque Jalonn\u00e9e&#8230;<\/p>\n","protected":false},"author":1,"featured_media":0,"parent":0,"menu_order":0,"comment_status":"open","ping_status":"open","template":"","meta":[],"_links":{"self":[{"href":"https:\/\/cenpaleo.unc.br\/index.php\/wp-json\/wp\/v2\/pages\/938"}],"collection":[{"href":"https:\/\/cenpaleo.unc.br\/index.php\/wp-json\/wp\/v2\/pages"}],"about":[{"href":"https:\/\/cenpaleo.unc.br\/index.php\/wp-json\/wp\/v2\/types\/page"}],"author":[{"embeddable":true,"href":"https:\/\/cenpaleo.unc.br\/index.php\/wp-json\/wp\/v2\/users\/1"}],"replies":[{"embeddable":true,"href":"https:\/\/cenpaleo.unc.br\/index.php\/wp-json\/wp\/v2\/comments?post=938"}],"version-history":[{"count":3,"href":"https:\/\/cenpaleo.unc.br\/index.php\/wp-json\/wp\/v2\/pages\/938\/revisions"}],"predecessor-version":[{"id":1166,"href":"https:\/\/cenpaleo.unc.br\/index.php\/wp-json\/wp\/v2\/pages\/938\/revisions\/1166"}],"wp:attachment":[{"href":"https:\/\/cenpaleo.unc.br\/index.php\/wp-json\/wp\/v2\/media?parent=938"}],"curies":[{"name":"wp","href":"https:\/\/api.w.org\/{rel}","templated":true}]}}