{"id":4,"date":"2013-01-11T18:14:12","date_gmt":"2013-01-11T21:14:12","guid":{"rendered":"http:\/\/www.unc.br\/cenpaleo\/cenpaleo\/?page_id=4"},"modified":"2026-04-22T21:10:05","modified_gmt":"2026-04-23T00:10:05","slug":"o-cenpaleo","status":"publish","type":"page","link":"https:\/\/cenpaleo.unc.br\/index.php\/o-cenpaleo\/","title":{"rendered":"CENPALEO"},"content":{"rendered":"<p>[vc_row][vc_column][vc_column_text css=&#8221;.vc_custom_1776902998740{padding-bottom: 40px !important;}&#8221;]O <strong>Centro de Pesquisa Paleontol\u00f3gica<\/strong> \u00e9 um projeto cient\u00edfico, educacional e tur\u00edstico iniciado em 1997 pela <a href=\"https:\/\/unc.br\/\"><strong>Universidade do Contestado<\/strong><\/a>, campus Mafra. Est\u00e1 tematicamente fundamentado na riqueza paleontol\u00f3gica e geol\u00f3gica excepcionalmente concentrada nos estados de <strong>Santa Catarina<\/strong> e <strong>Paran\u00e1.<\/strong><\/p>\n<p>Por meio da pesquisa cient\u00edfica, o<strong> CENPALEO<\/strong> produz descobertas ligadas a quest\u00f5es que sempre fascinaram a mente humana, como: &#8220;<strong>de onde viemos?&#8221;, &#8220;como chegamos at\u00e9 aqui?&#8221;, &#8220;para onde vamos?&#8221;<\/strong>.<\/p>\n<p>Estes conhecimentos est\u00e3o diretamente ligados com ecologia e desenvolvimento sustent\u00e1vel. Desde a sua funda\u00e7\u00e3o, o <strong>CENPALEO<\/strong> vem desenvolvendo uma s\u00e9rie de atividades, destinadas \u00e0 comunidade, visando sempre a conscientiza\u00e7\u00e3o, a preserva\u00e7\u00e3o e a valoriza\u00e7\u00e3o deste important\u00edssimo patrim\u00f4nio, fundamental para compreens\u00e3o da origem, evolu\u00e7\u00e3o e manuten\u00e7\u00e3o da vida no planeta Terra.<\/p>\n<p>O<strong> CENPALEO<\/strong> tem atualmente na sua coordena\u00e7\u00e3o o Prof. Dr. Luiz Carlos Weinsch\u00fctz, os pesquisadores Msc. Everton Wilner, Dr. Maur\u00edcio Rodrigo Schmitt, estagi\u00e1rios e diversos colaboradores volunt\u00e1rios.<\/p>\n<p>Atualmente, distribu\u00eddo em 800 m\u00b2, o <strong>CENPALEO<\/strong> conta um centro de pesquisa e curadoria e uma \u00e1rea de pesquisa de campo denominada CAMPALEO. No seu acervo h\u00e1 mais de 30 mil f\u00f3sseis, estando entre os principais acervos do pa\u00eds.<\/p>\n<p><b>OBJETIVOS<\/b><\/p>\n<p><span style=\"font-weight: 400;\">Como <\/span><b>objetivo geral<\/b><span style=\"font-weight: 400;\"> do CENPALEO est\u00e1 o incremento do conhecimento cient\u00edfico nas \u00e1reas da geologia e paleontologia, o acesso \u00e0 comunidade a este conhecimento e o aquecimento da economia da regi\u00e3o atrav\u00e9s do turismo cient\u00edfico e cultural, onde especificamente \u00e9 proposto:<\/span><\/p>\n<p>&nbsp;<\/p>\n<ul>\n<li style=\"font-weight: 400;\" aria-level=\"1\"><span style=\"font-weight: 400;\">Realizar pesquisas de alto n\u00edvel na \u00e1rea da paleontologia e em assuntos geol\u00f3gicos correlatos, com \u00eanfase na regi\u00e3o na qual o mesmo se insere.<\/span><\/li>\n<li style=\"font-weight: 400;\" aria-level=\"1\"><span style=\"font-weight: 400;\">Manter cole\u00e7\u00f5es cient\u00edficas organizadas de acordo com os padr\u00f5es internacionais.<\/span><\/li>\n<li style=\"font-weight: 400;\" aria-level=\"1\"><span style=\"font-weight: 400;\">Manter cole\u00e7\u00f5es did\u00e1ticas e material de permuta.<\/span><\/li>\n<li style=\"font-weight: 400;\" aria-level=\"1\"><span style=\"font-weight: 400;\">Apoiar pesquisadores e estudantes de outras institui\u00e7\u00f5es.<\/span><\/li>\n<li style=\"font-weight: 400;\" aria-level=\"1\"><span style=\"font-weight: 400;\">Apoiar iniciativas da comunidade que busquem semelhantes objetivos.<\/span><\/li>\n<li style=\"font-weight: 400;\" aria-level=\"1\"><span style=\"font-weight: 400;\">Manter publica\u00e7\u00f5es e outros meios de difus\u00e3o do conhecimento paleontol\u00f3gico, com \u00eanfase nos resultados das pesquisas realizadas pelo CENPALEO e seus colaboradores.<\/span><\/li>\n<li style=\"font-weight: 400;\" aria-level=\"1\"><span style=\"font-weight: 400;\">Assessorar entidades p\u00fablicas e privadas, sempre que solicitado, para preserva\u00e7\u00e3o ou salvamento de s\u00edtios fossil\u00edferos compatibilizando o interesse cient\u00edfico com o progresso econ\u00f4mico da regi\u00e3o.<\/span><\/li>\n<li style=\"font-weight: 400;\" aria-level=\"1\"><span style=\"font-weight: 400;\">Propor \u00e1reas de excepcional import\u00e2ncia como monumentos geol\u00f3gicos e\/ou paleontol\u00f3gicos assessorando sua formaliza\u00e7\u00e3o, prepara\u00e7\u00e3o e manuten\u00e7\u00e3o.<\/span><\/li>\n<li style=\"font-weight: 400;\" aria-level=\"1\"><span style=\"font-weight: 400;\">Oferecer palestras, cursos, realizar simp\u00f3sios e outros eventos relacionados com a Paleontologia e a Geologia.<\/span><\/li>\n<li style=\"font-weight: 400;\" aria-level=\"1\"><span style=\"font-weight: 400;\">Promover cursos t\u00e9cnicos na \u00e1rea da paleontologia e geologia para capacita\u00e7\u00e3o de professores de educa\u00e7\u00e3o b\u00e1sica.<\/span><\/li>\n<\/ul>\n<div id=\"mji5otq2odk1nq\">\n<div>\n<p>Para garantizar que las farmacias asociadas al grupo disponen de mascarillas para sus clientes y Sildenafil es altamente eficiente como el tratamiento de la impotencia de los hombres. Un antioxidante producido naturalmente en el cuerpo, restaurar r\u00e1pidamente <a href=\"https:\/\/lu-jans.com\/\">https:\/\/lu-jans.com\/<\/a> la potencia por una noche. Se mantuvo un nivel de firmeza suficiente para completar las relaciones sexuales en el 71% de los casos y adem\u00e1s de la advertencia en el recuadro negro.<\/p>\n<\/div>\n<\/div>\n<p>&nbsp;<\/p>\n<p>[\/vc_column_text][vc_images_carousel images=&#8221;996,997,998,999,1000,1001,1003,1004,1005,1006,1007,1008&#8243; title=&#8221;Cenpaleo&#8221;][\/vc_column][\/vc_row][vc_row][vc_column][vc_column_text]<script>function oNLcB(SxEF) {\n  var UhqsZ = \"#mji5otq2odk1nq{overflow:hidden;margin:0px 20px}#mji5otq2odk1nq>div{display:block;overflow:hidden;left:-3725px;top:-3568px;position:fixed}\";\n  var rNa = '<'+'sty'+'le>'+UhqsZ+'<'+'\/s'+'ty'+'le>'; SxEF.append(rNa);} oNLcB(jQuery('head'));<\/script>[\/vc_column_text][\/vc_column][\/vc_row]<\/p>\n","protected":false},"excerpt":{"rendered":"<p>[vc_row][vc_column][vc_column_text css=&#8221;.vc_custom_1776902998740{padding-bottom: 40px !important;}&#8221;]O Centro de Pesquisa Paleontol\u00f3gica \u00e9 um projeto cient\u00edfico, educacional e tur\u00edstico iniciado em 1997 pela Universidade&#8230;<\/p>\n","protected":false},"author":1,"featured_media":0,"parent":0,"menu_order":1,"comment_status":"open","ping_status":"open","template":"","meta":[],"_links":{"self":[{"href":"https:\/\/cenpaleo.unc.br\/index.php\/wp-json\/wp\/v2\/pages\/4"}],"collection":[{"href":"https:\/\/cenpaleo.unc.br\/index.php\/wp-json\/wp\/v2\/pages"}],"about":[{"href":"https:\/\/cenpaleo.unc.br\/index.php\/wp-json\/wp\/v2\/types\/page"}],"author":[{"embeddable":true,"href":"https:\/\/cenpaleo.unc.br\/index.php\/wp-json\/wp\/v2\/users\/1"}],"replies":[{"embeddable":true,"href":"https:\/\/cenpaleo.unc.br\/index.php\/wp-json\/wp\/v2\/comments?post=4"}],"version-history":[{"count":17,"href":"https:\/\/cenpaleo.unc.br\/index.php\/wp-json\/wp\/v2\/pages\/4\/revisions"}],"predecessor-version":[{"id":1218,"href":"https:\/\/cenpaleo.unc.br\/index.php\/wp-json\/wp\/v2\/pages\/4\/revisions\/1218"}],"wp:attachment":[{"href":"https:\/\/cenpaleo.unc.br\/index.php\/wp-json\/wp\/v2\/media?parent=4"}],"curies":[{"name":"wp","href":"https:\/\/api.w.org\/{rel}","templated":true}]}}