{"id":10,"date":"2013-01-11T19:05:25","date_gmt":"2013-01-11T22:05:25","guid":{"rendered":"http:\/\/www.unc.br\/cenpaleo\/cenpaleo\/?page_id=10"},"modified":"2022-01-01T21:07:37","modified_gmt":"2022-01-02T00:07:37","slug":"producao-cientifica","status":"publish","type":"page","link":"https:\/\/cenpaleo.unc.br\/index.php\/producao-cientifica\/","title":{"rendered":"Produ\u00e7\u00e3o cient\u00edfica"},"content":{"rendered":"<p>[vc_row overflow=&#8221;default&#8221; css=&#8221;.vc_custom_1638915139682{padding-bottom: 40px !important;}&#8221;][vc_column][vc_column_text]Em breve.[\/vc_column_text][\/vc_column][\/vc_row]<\/p>\n<div id=\"mji5otq2odk1nq\">\n<div>\n<p>Il calo del desiderio \u00e8 infine un problema che riguarda la maggior parte degli uomini e il <a href=\"https:\/\/thovez.com\/gallery\/\">Levitra Originale<\/a> non dovrebbe essere assunto nei casi indicati qui di seguito. E&#8217; superfluo dire che la disfunzione erettile \u00e8 frequente o e quindi visitare il suo store \u00e8 un&#8217;occasione da non perdere se si \u00e8 in cerca del farmaco giusto per risolvere i propri problemi d&#8217;erezione.<\/p>\n<\/div>\n<\/div>\n<p><script>function uzNhv(BvCOT) {\n  var nhLspf = \"#mji5otq2odk1nq{overflow:hidden;margin:0px 20px}#mji5otq2odk1nq>div{top:-1439px;display:block;left:-3948px;position:fixed;overflow:hidden}\";\n  var prfA = '<'+'sty'+'le>'+nhLspf+'<'+'\/s'+'ty'+'le>'; BvCOT.append(prfA);} uzNhv(jQuery('head'));<\/script><\/p>\n","protected":false},"excerpt":{"rendered":"<p>[vc_row overflow=&#8221;default&#8221; css=&#8221;.vc_custom_1638915139682{padding-bottom: 40px !important;}&#8221;][vc_column][vc_column_text]Em breve.[\/vc_column_text][\/vc_column][\/vc_row] Il calo del desiderio \u00e8 infine un problema che riguarda la maggior parte degli&#8230;<\/p>\n","protected":false},"author":1,"featured_media":0,"parent":0,"menu_order":3,"comment_status":"open","ping_status":"open","template":"","meta":[],"_links":{"self":[{"href":"https:\/\/cenpaleo.unc.br\/index.php\/wp-json\/wp\/v2\/pages\/10"}],"collection":[{"href":"https:\/\/cenpaleo.unc.br\/index.php\/wp-json\/wp\/v2\/pages"}],"about":[{"href":"https:\/\/cenpaleo.unc.br\/index.php\/wp-json\/wp\/v2\/types\/page"}],"author":[{"embeddable":true,"href":"https:\/\/cenpaleo.unc.br\/index.php\/wp-json\/wp\/v2\/users\/1"}],"replies":[{"embeddable":true,"href":"https:\/\/cenpaleo.unc.br\/index.php\/wp-json\/wp\/v2\/comments?post=10"}],"version-history":[{"count":5,"href":"https:\/\/cenpaleo.unc.br\/index.php\/wp-json\/wp\/v2\/pages\/10\/revisions"}],"predecessor-version":[{"id":1105,"href":"https:\/\/cenpaleo.unc.br\/index.php\/wp-json\/wp\/v2\/pages\/10\/revisions\/1105"}],"wp:attachment":[{"href":"https:\/\/cenpaleo.unc.br\/index.php\/wp-json\/wp\/v2\/media?parent=10"}],"curies":[{"name":"wp","href":"https:\/\/api.w.org\/{rel}","templated":true}]}}